{"id":657,"date":"2021-02-04T16:45:36","date_gmt":"2021-02-04T16:45:36","guid":{"rendered":"https:\/\/www.schuimer.com\/?page_id=657"},"modified":"2025-02-20T18:09:42","modified_gmt":"2025-02-20T18:09:42","slug":"homepage","status":"publish","type":"page","link":"https:\/\/www.schuimer.com\/de\/","title":{"rendered":"Homepage"},"content":{"rendered":"\n<div id=\"wp-block-themeisle-blocks-advanced-columns-4791098f\" class=\"wp-block-themeisle-blocks-advanced-columns has-1-columns has-desktop-equal-layout has-tablet-equal-layout has-mobile-equal-layout has-vertical-unset\"><div class=\"wp-block-themeisle-blocks-advanced-columns-overlay\"><\/div><div class=\"innerblocks-wrap\">\n<div id=\"wp-block-themeisle-blocks-advanced-column-fb3ccef0\" class=\"wp-block-themeisle-blocks-advanced-column\"><div class=\"wp-block-image is-resized ticss-9b1ef48e\">\n<figure class=\"aligncenter size-large\"><img loading=\"lazy\" decoding=\"async\" width=\"1310\" height=\"650\" src=\"http:\/\/www.schuimer.com\/wp-content\/uploads\/2021\/01\/Apfel-Orange_1310x650.jpg\" alt=\"\" class=\"wp-image-539\"\/><\/figure>\n<\/div>\n\n\n<h1 id=\"services\" class=\"wp-block-themeisle-blocks-advanced-heading services\">Frische Ideen<br> f\u00fcr Ihr Business<\/h1>\n<\/div>\n<\/div><\/div>\n\n\n\n<div id=\"wp-block-themeisle-blocks-advanced-columns-0b698738\" class=\"wp-block-themeisle-blocks-advanced-columns has-2-columns has-desktop-equal-layout has-tablet-equal-layout has-mobile-collapsedRows-layout has-vertical-unset\"><div class=\"wp-block-themeisle-blocks-advanced-columns-overlay\"><\/div><div class=\"innerblocks-wrap\">\n<div id=\"wp-block-themeisle-blocks-advanced-column-6c780183\" class=\"wp-block-themeisle-blocks-advanced-column\"><div class=\"wp-block-image\">\n<figure class=\"aligncenter size-large\"><img loading=\"lazy\" decoding=\"async\" width=\"655\" height=\"472\" src=\"http:\/\/www.schuimer.com\/wp-content\/uploads\/2021\/01\/strategy_655x472.jpg\" alt=\"\" class=\"wp-image-543\"\/><\/figure>\n<\/div><\/div>\n\n\n\n<div id=\"wp-block-themeisle-blocks-advanced-column-2ca753d0\" class=\"wp-block-themeisle-blocks-advanced-column\">\n<h4 id=\"wp-block-themeisle-blocks-advanced-heading-31ce7dfb\" class=\"wp-block-themeisle-blocks-advanced-heading wp-block-themeisle-blocks-advanced-heading-31ce7dfb\">OHNE WEG KEIN ZIEL<\/h4>\n\n\n\n<h2 class=\"wp-block-heading has-neve-link-color-color has-text-color\">BUSINESS Strategy.<\/h2>\n\n\n\n<p>Viele Gesch\u00e4ftsideen und Innovations-Projekte scheitern an mangelnder Planung. Ohne ein solides Konzept werden Fehlinvestitionen get\u00e4tigt, Ressourcen falsch eingesetzt und unn\u00f6tige Kosten verursacht. Deshalb helfen wir Ihnen bei der Definition einer Digital Strategie mit klar definierten Zielen, aus denen konkrete Handlungsempfehlungen abgeleitet werden.<\/p>\n<\/div>\n<\/div><\/div>\n\n\n\n<div id=\"wp-block-themeisle-blocks-advanced-columns-83a50a2c\" class=\"wp-block-themeisle-blocks-advanced-columns has-2-columns has-desktop-equal-layout has-tablet-equal-layout has-mobile-collapsedRows-layout has-vertical-unset\"><div class=\"wp-block-themeisle-blocks-advanced-columns-overlay\"><\/div><div class=\"innerblocks-wrap\">\n<div id=\"wp-block-themeisle-blocks-advanced-column-8323a747\" class=\"wp-block-themeisle-blocks-advanced-column\">\n<h4 id=\"wp-block-themeisle-blocks-advanced-heading-52de01b7\" class=\"wp-block-themeisle-blocks-advanced-heading wp-block-themeisle-blocks-advanced-heading-52de01b7\">WIR REDEN NICHT NUR, WIR SETZEN UM<\/h4>\n\n\n\n<h2 class=\"wp-block-heading has-neve-text-color-color has-text-color\"><mark style=\"background-color:rgba(0, 0, 0, 0)\" class=\"has-inline-color has-neve-link-color-color\">BUSINESS DEVELOPMENT.<\/mark><\/h2>\n\n\n\n<p>Mit unserem langj\u00e4hrigen Know-How und unserem breiten Partner-Netzwerk bieten wir unseren Kunden schnelle, pragmatische und effiziente Unterst\u00fctzung bei der Umsetzung. Ohne Fach-Chinesisch, ohne Berater-Latein. So erreichen wir auch mit kleinen Budgets gro\u00dfe Ziele.<\/p>\n<\/div>\n\n\n\n<div id=\"wp-block-themeisle-blocks-advanced-column-9bff658c\" class=\"wp-block-themeisle-blocks-advanced-column\">\n<figure class=\"wp-block-image size-large is-resized ticss-0b457d06\"><img loading=\"lazy\" decoding=\"async\" width=\"655\" height=\"655\" src=\"http:\/\/www.schuimer.com\/wp-content\/uploads\/2021\/01\/marketing_655x655.jpg\" alt=\"\" class=\"wp-image-551\" style=\"width:492px;height:492px\"\/><\/figure>\n<\/div>\n<\/div><\/div>\n\n\n\n<div id=\"wp-block-themeisle-blocks-advanced-columns-3d070c15\" class=\"wp-block-themeisle-blocks-advanced-columns has-2-columns has-desktop-equal-layout has-tablet-equal-layout has-mobile-collapsedRows-layout has-vertical-unset\"><div class=\"wp-block-themeisle-blocks-advanced-columns-overlay\"><\/div><div class=\"innerblocks-wrap\">\n<div id=\"wp-block-themeisle-blocks-advanced-column-06a4a56b\" class=\"wp-block-themeisle-blocks-advanced-column\"><div class=\"wp-block-image\">\n<figure class=\"aligncenter size-large\"><img loading=\"lazy\" decoding=\"async\" width=\"655\" height=\"605\" src=\"http:\/\/www.schuimer.com\/wp-content\/uploads\/2021\/01\/iStock-185069128_655x605.jpg\" alt=\"\" class=\"wp-image-546\"\/><\/figure>\n<\/div><\/div>\n\n\n\n<div id=\"wp-block-themeisle-blocks-advanced-column-238f9935\" class=\"wp-block-themeisle-blocks-advanced-column\">\n<h4 id=\"wp-block-themeisle-blocks-advanced-heading-427ca8b7\" class=\"wp-block-themeisle-blocks-advanced-heading wp-block-themeisle-blocks-advanced-heading-427ca8b7\">VERTRAUEN IST GUT &#8211; KONTROLLE IST BESSER<\/h4>\n\n\n\n<h2 class=\"wp-block-heading has-neve-text-color-color has-text-color\"><mark style=\"background-color:rgba(0, 0, 0, 0)\" class=\"has-inline-color has-neve-link-color-color\">BUSINESS ANALYTICS.<\/mark><\/h2>\n\n\n\n<p>Wissen Sie welche Vertriebs- und Marketing-Aktivit\u00e4ten sich wirklich rentieren? Nur durch regelm\u00e4\u00dfige Erfolgsmessung und \u2013kontrolle k\u00f6nnen Sie Ihr Gesch\u00e4ft kontinuierlich verbessern. Hierf\u00fcr bieten wir Ihnen das passende Know-How, eine erprobte Methodik und leistungsf\u00e4hige Tools.<\/p>\n<\/div>\n<\/div><\/div>\n\n\n\n<section id=\"wp-block-themeisle-blocks-advanced-columns-9f8848a6\" class=\"wp-block-themeisle-blocks-advanced-columns alignfull has-2-columns has-desktop-equal-layout has-tablet-equal-layout has-mobile-collapsedRows-layout has-vertical-center animated fadeIn\"><div class=\"wp-block-themeisle-blocks-advanced-columns-overlay\"><\/div><div class=\"innerblocks-wrap\">\n<div id=\"wp-block-themeisle-blocks-advanced-column-cedf80ca\" class=\"wp-block-themeisle-blocks-advanced-column\">\n<div style=\"height:20px\" aria-hidden=\"true\" class=\"wp-block-spacer\"><\/div>\n\n\n\n<div class=\"wp-block-buttons is-content-justification-left is-layout-flex wp-container-core-buttons-is-layout-fdcfc74e wp-block-buttons-is-layout-flex\"><\/div>\n<\/div>\n\n\n\n<div id=\"wp-block-themeisle-blocks-advanced-column-48eed1bc\" class=\"wp-block-themeisle-blocks-advanced-column\"><\/div>\n<\/div><\/section>\n\n\n\n<div id=\"wp-block-themeisle-blocks-advanced-columns-428b25b3\" class=\"wp-block-themeisle-blocks-advanced-columns has-1-columns has-desktop-equal-layout has-tablet-equal-layout has-mobile-equal-layout has-vertical-unset\"><div class=\"wp-block-themeisle-blocks-advanced-columns-overlay\"><\/div><div class=\"innerblocks-wrap\">\n<div id=\"wp-block-themeisle-blocks-advanced-column-97c6f345\" class=\"wp-block-themeisle-blocks-advanced-column\"><\/div>\n<\/div><\/div>\n\n\n\n<div id=\"wp-block-themeisle-blocks-advanced-columns-84c54d62\" class=\"wp-block-themeisle-blocks-advanced-columns has-1-columns has-desktop-equal-layout has-tablet-equal-layout has-mobile-equal-layout has-vertical-unset\"><div class=\"wp-block-themeisle-blocks-advanced-columns-overlay\"><\/div><div class=\"innerblocks-wrap\">\n<div id=\"wp-block-themeisle-blocks-advanced-column-b71a70d6\" class=\"wp-block-themeisle-blocks-advanced-column\">\n<h2 id=\"about\" class=\"wp-block-themeisle-blocks-advanced-heading about\">\u00dcBER UNS.<\/h2>\n\n\n<div class=\"wp-block-image\">\n<figure class=\"aligncenter size-large\"><img loading=\"lazy\" decoding=\"async\" width=\"1310\" height=\"542\" src=\"http:\/\/www.schuimer.com\/wp-content\/uploads\/2021\/01\/aboutus_1310x542.jpg\" alt=\"\" class=\"wp-image-563\"\/><\/figure>\n<\/div><\/div>\n<\/div><\/div>\n\n\n\n<div id=\"wp-block-themeisle-blocks-advanced-columns-256f622d\" class=\"wp-block-themeisle-blocks-advanced-columns has-3-columns has-desktop-equal-layout has-tablet-equal-layout has-mobile-collapsedRows-layout has-vertical-unset\"><div class=\"wp-block-themeisle-blocks-advanced-columns-overlay\"><\/div><div class=\"innerblocks-wrap\">\n<div id=\"wp-block-themeisle-blocks-advanced-column-3f3759e3\" class=\"wp-block-themeisle-blocks-advanced-column\">\n<h3 id=\"wp-block-themeisle-blocks-advanced-heading-f9e468ee\" class=\"wp-block-themeisle-blocks-advanced-heading wp-block-themeisle-blocks-advanced-heading-f9e468ee\">Wir setzen auf Netzwerke.<\/h3>\n\n\n\n<p>Wir glauben nicht daran, dass man in allen Bereichen des eCommerce gleich gut sein kann. Deshalb setzen wir zur Verst\u00e4rkung unserer eigenen Kompetenz auf ein starkes Partner-Netzwerk. Das spart Kosten und gew\u00e4hrleistet, dass wir den besten Partner f\u00fcr die jeweilige Leistung haben!<\/p>\n<\/div>\n\n\n\n<div id=\"wp-block-themeisle-blocks-advanced-column-25d50c83\" class=\"wp-block-themeisle-blocks-advanced-column\">\n<h3 id=\"wp-block-themeisle-blocks-advanced-heading-2bf79bf1\" class=\"wp-block-themeisle-blocks-advanced-heading wp-block-themeisle-blocks-advanced-heading-2bf79bf1\">Wir denken unternehmerisch.<\/h3>\n\n\n\n<p>Wir haben selber \u00fcber viele Jahre eigene Internet-Shops aufgebaut und betrieben. Daher verstehen wir die Bed\u00fcrfnisse unserer Kunden und wissen, was wirklich z\u00e4hlt.<br>Schnelle Umsetzung und Wirtschaftlichkeit stehen deshalb f\u00fcr uns immer im Mittelpunkt.<\/p>\n<\/div>\n\n\n\n<div id=\"wp-block-themeisle-blocks-advanced-column-ad96c163\" class=\"wp-block-themeisle-blocks-advanced-column\">\n<h3 id=\"wp-block-themeisle-blocks-advanced-heading-8cfad0ab\" class=\"wp-block-themeisle-blocks-advanced-heading wp-block-themeisle-blocks-advanced-heading-8cfad0ab\">Wir \u00fcbernehmen Verantwortung.<\/h3>\n\n\n\n<p>Wir beraten Sie nicht nur, sondern unterst\u00fctzen Sie aktiv bei der Umsetzung. <br>Auf Wunsch \u00fcbernehmen wir eigene Management-Verantwortung bei der kontinuierlichen Betreuung Ihrer eCommerce-Aktivit\u00e4ten und helfen beim Aufbau Ihrer internen Strukturen.<\/p>\n<\/div>\n<\/div><\/div>\n\n\n\n<section id=\"wp-block-themeisle-blocks-advanced-columns-86d6bb43\" class=\"wp-block-themeisle-blocks-advanced-columns alignfull has-2-columns has-desktop-equal-layout has-tablet-equal-layout has-mobile-collapsedRows-layout has-vertical-center animated fadeIn\"><div class=\"wp-block-themeisle-blocks-advanced-columns-overlay\"><\/div><div class=\"innerblocks-wrap\">\n<div id=\"wp-block-themeisle-blocks-advanced-column-ec1c6928\" class=\"wp-block-themeisle-blocks-advanced-column\">\n<div style=\"height:20px\" aria-hidden=\"true\" class=\"wp-block-spacer\"><\/div>\n\n\n\n<div class=\"wp-block-buttons is-content-justification-left is-layout-flex wp-container-core-buttons-is-layout-fdcfc74e wp-block-buttons-is-layout-flex\"><\/div>\n<\/div>\n\n\n\n<div id=\"wp-block-themeisle-blocks-advanced-column-3f615675\" class=\"wp-block-themeisle-blocks-advanced-column\"><\/div>\n<\/div><\/section>\n\n\n\n<div id=\"wp-block-themeisle-blocks-advanced-columns-86a6f281\" class=\"wp-block-themeisle-blocks-advanced-columns has-1-columns has-desktop-equal-layout has-tablet-equal-layout has-mobile-equal-layout has-vertical-unset\"><div class=\"wp-block-themeisle-blocks-advanced-columns-overlay\"><\/div><div class=\"innerblocks-wrap\">\n<div id=\"wp-block-themeisle-blocks-advanced-column-be15025e\" class=\"wp-block-themeisle-blocks-advanced-column\">\n<h2 id=\"clients\" class=\"wp-block-themeisle-blocks-advanced-heading clients\">UNSERE KUNDEN.<\/h2>\n<\/div>\n<\/div><\/div>\n\n\n\n<div id=\"wp-block-themeisle-blocks-advanced-columns-f5949252\" class=\"wp-block-themeisle-blocks-advanced-columns has-5-columns has-desktop-equal-layout has-tablet-equal-layout hide-in-mobile has-vertical-unset ticss-04024ac5\"><div class=\"wp-block-themeisle-blocks-advanced-columns-overlay\"><\/div><div class=\"innerblocks-wrap\">\n<div id=\"wp-block-themeisle-blocks-advanced-column-cac95551\" class=\"wp-block-themeisle-blocks-advanced-column\">\n<figure class=\"wp-block-image size-full\"><img loading=\"lazy\" decoding=\"async\" width=\"180\" height=\"135\" src=\"https:\/\/www.schuimer.com\/wp-content\/uploads\/2022\/03\/Atu_logo.png\" alt=\"\" class=\"wp-image-695\"\/><\/figure>\n<\/div>\n\n\n\n<div id=\"wp-block-themeisle-blocks-advanced-column-e160c9f8\" class=\"wp-block-themeisle-blocks-advanced-column\">\n<figure class=\"wp-block-image size-full is-resized\"><img loading=\"lazy\" decoding=\"async\" width=\"180\" height=\"80\" src=\"https:\/\/www.schuimer.com\/wp-content\/uploads\/2022\/03\/dallmayr-fraktur.jpg\" alt=\"\" class=\"wp-image-699\" style=\"width:181px;height:80px\"\/><\/figure>\n<\/div>\n\n\n\n<div id=\"wp-block-themeisle-blocks-advanced-column-90663cc5\" class=\"wp-block-themeisle-blocks-advanced-column\">\n<figure class=\"wp-block-image size-large is-resized\"><img loading=\"lazy\" decoding=\"async\" width=\"260\" height=\"100\" src=\"http:\/\/www.schuimer.com\/wp-content\/uploads\/2021\/01\/hvb300x100bw-260x100-1.png\" alt=\"\" class=\"wp-image-593\" style=\"width:195px;height:75px\"\/><\/figure>\n<\/div>\n\n\n\n<div id=\"wp-block-themeisle-blocks-advanced-column-7ef0e706\" class=\"wp-block-themeisle-blocks-advanced-column\">\n<figure class=\"wp-block-image size-large is-resized\"><img loading=\"lazy\" decoding=\"async\" width=\"180\" height=\"100\" src=\"http:\/\/www.schuimer.com\/wp-content\/uploads\/2021\/01\/linsensuppe300x100bw-180x100-1.png\" alt=\"\" class=\"wp-image-587\" style=\"width:179px;height:99px\"\/><\/figure>\n<\/div>\n\n\n\n<div id=\"wp-block-themeisle-blocks-advanced-column-32c6d5da\" class=\"wp-block-themeisle-blocks-advanced-column\">\n<figure class=\"wp-block-image size-full is-resized\"><img loading=\"lazy\" decoding=\"async\" width=\"180\" height=\"34\" src=\"https:\/\/www.schuimer.com\/wp-content\/uploads\/2022\/03\/metrofs_logo_180.png\" alt=\"\" class=\"wp-image-702\" style=\"width:257px;height:48px\"\/><\/figure>\n<\/div>\n<\/div><\/div>\n","protected":false},"excerpt":{"rendered":"","protected":false},"author":1,"featured_media":0,"parent":0,"menu_order":0,"comment_status":"closed","ping_status":"closed","template":"page-templates\/template-pagebuilder-full-width.php","meta":{"neve_meta_sidebar":"full-width","neve_meta_container":"","neve_meta_enable_content_width":"on","neve_meta_content_width":100,"neve_meta_title_alignment":"","neve_meta_author_avatar":"","neve_post_elements_order":"","neve_meta_disable_header":"","neve_meta_disable_footer":"","neve_meta_disable_title":"","_themeisle_gutenberg_block_has_review":false,"footnotes":""},"class_list":["post-657","page","type-page","status-publish","hentry"],"_links":{"self":[{"href":"https:\/\/www.schuimer.com\/de\/wp-json\/wp\/v2\/pages\/657","targetHints":{"allow":["GET"]}}],"collection":[{"href":"https:\/\/www.schuimer.com\/de\/wp-json\/wp\/v2\/pages"}],"about":[{"href":"https:\/\/www.schuimer.com\/de\/wp-json\/wp\/v2\/types\/page"}],"author":[{"embeddable":true,"href":"https:\/\/www.schuimer.com\/de\/wp-json\/wp\/v2\/users\/1"}],"replies":[{"embeddable":true,"href":"https:\/\/www.schuimer.com\/de\/wp-json\/wp\/v2\/comments?post=657"}],"version-history":[{"count":11,"href":"https:\/\/www.schuimer.com\/de\/wp-json\/wp\/v2\/pages\/657\/revisions"}],"predecessor-version":[{"id":730,"href":"https:\/\/www.schuimer.com\/de\/wp-json\/wp\/v2\/pages\/657\/revisions\/730"}],"wp:attachment":[{"href":"https:\/\/www.schuimer.com\/de\/wp-json\/wp\/v2\/media?parent=657"}],"curies":[{"name":"wp","href":"https:\/\/api.w.org\/{rel}","templated":true}]}}